{"id":29,"date":"2023-02-02T09:14:18","date_gmt":"2023-02-02T08:14:18","guid":{"rendered":"http:\/\/www.cafeteria-lauda.de\/wordpress\/?page_id=29"},"modified":"2026-04-11T17:36:02","modified_gmt":"2026-04-11T15:36:02","slug":"dienstplan","status":"publish","type":"page","link":"https:\/\/www.cafeteria-lauda.de\/wordpress\/dienstplan\/","title":{"rendered":"Dienstplan"},"content":{"rendered":"\n<p><strong>Dienstpl\u00e4ne 2026<\/strong><\/p>\n\n\n\n<p><a href=\"https:\/\/www.cafeteria-lauda.de\/wordpress\/wp-content\/uploads\/April-2026.pdf\"> Dienstplan April 2026<\/a><\/p>\n\n\n\n<p><a href=\"https:\/\/www.cafeteria-lauda.de\/wordpress\/wp-content\/uploads\/Maerz-2026.pdf\">Dienstplan M\u00e4rz 2026<\/a><\/p>\n\n\n\n<p><a href=\"https:\/\/www.cafeteria-lauda.de\/wordpress\/wp-content\/uploads\/Februar-2026.pdf\">Dienstplan Februar 2026<\/a><\/p>\n\n\n\n<p><a href=\"https:\/\/www.cafeteria-lauda.de\/wordpress\/wp-content\/uploads\/Januar-2026.pdf\">Dienstplan Januar 2026<\/a><\/p>\n\n\n\n<p><strong>Dienstpl\u00e4ne 2025<\/strong><\/p>\n\n\n\n<p><a href=\"https:\/\/www.cafeteria-lauda.de\/wordpress\/wp-content\/uploads\/November-2025.pdf\">Dienstplan November 2025<\/a><\/p>\n\n\n\n<p><a href=\"https:\/\/www.cafeteria-lauda.de\/wordpress\/wp-content\/uploads\/Oktober-2025.pdf\">Dienstplan Oktober 2025<\/a><\/p>\n\n\n\n<p><a href=\"https:\/\/www.cafeteria-lauda.de\/wordpress\/wp-content\/uploads\/September-2025.pdf\">Dienstplan September 2025<\/a><\/p>\n\n\n\n<p><a href=\"https:\/\/www.cafeteria-lauda.de\/wordpress\/wp-content\/uploads\/Juli-2025.pdf\">Dienstplan Juli 2025<\/a><\/p>\n\n\n\n<p><a href=\"https:\/\/www.cafeteria-lauda.de\/wordpress\/wp-content\/uploads\/Juni-2025.pdf\">Dienstplan Juni 2025<\/a><\/p>\n\n\n\n<p><a href=\"https:\/\/www.cafeteria-lauda.de\/wordpress\/wp-content\/uploads\/Dienstplan-Mai-2025.pdf\">Dienstplan Mai 2025<\/a><\/p>\n\n\n\n<p><a href=\"https:\/\/www.cafeteria-lauda.de\/wordpress\/wp-content\/uploads\/April-2025.pdf\">Dienstplan April 2025<\/a><\/p>\n\n\n\n<p><a href=\"https:\/\/www.cafeteria-lauda.de\/wordpress\/wp-content\/uploads\/Maerz-2025.pdf\">Dienstplan <\/a><a href=\"https:\/\/www.cafeteria-lauda.de\/wordpress\/wp-content\/uploads\/Maerz-2025-1.pdf\">M\u00e4rz <\/a><a href=\"https:\/\/www.cafeteria-lauda.de\/wordpress\/wp-content\/uploads\/Maerz-2025.pdf\">2025<\/a><\/p>\n\n\n\n<p><a href=\"https:\/\/www.cafeteria-lauda.de\/wordpress\/wp-content\/uploads\/Februar-2025.pdf\">Dienstplan Februar 2025<\/a><\/p>\n\n\n\n<p><a href=\"https:\/\/www.cafeteria-lauda.de\/wordpress\/wp-content\/uploads\/Dienstplan-Januar-2025.pdf\">Dienstplan Januar 2025<\/a><\/p>\n\n\n\n<p><strong>Dienstpl\u00e4ne 2024<\/strong><\/p>\n\n\n\n<p><a href=\"https:\/\/www.cafeteria-lauda.de\/wordpress\/wp-content\/uploads\/Dienstplan-Dezember-2024.pdf\">Dienstplan Dezember 2024<\/a><\/p>\n\n\n\n<p><a href=\"https:\/\/www.cafeteria-lauda.de\/wordpress\/wp-content\/uploads\/Dienstplan-November-24.pdf\">Dienstplan November 2024<\/a><\/p>\n\n\n\n<p><a href=\"https:\/\/www.cafeteria-lauda.de\/wordpress\/wp-content\/uploads\/Dienstplan-Oktober-24.pdf\">Dienstplan Oktober 2024<\/a><\/p>\n\n\n\n<p><a href=\"https:\/\/www.cafeteria-lauda.de\/wordpress\/wp-content\/uploads\/Dienstplan-September-2024.pdf\">Dienstplan September 2024<\/a><\/p>\n\n\n\n<p><a href=\"https:\/\/www.cafeteria-lauda.de\/wordpress\/wp-content\/uploads\/Dienstplan-Juli-2024.pdf\">Dienstplan Juli 2024<\/a><\/p>\n\n\n\n<p><a href=\"https:\/\/www.cafeteria-lauda.de\/wordpress\/wp-content\/uploads\/Dienstplan-Juni-2024.pdf\">Dienstplan Juni 2024<\/a><\/p>\n\n\n\n<p><a href=\"https:\/\/www.cafeteria-lauda.de\/wordpress\/wp-content\/uploads\/Dienstplan-Mai-2024.pdf\">Dienstplan Mai 2024<\/a><\/p>\n\n\n\n<p><a href=\"https:\/\/www.cafeteria-lauda.de\/wordpress\/wp-content\/uploads\/Dienstplan-April-2024.pdf\">Dienstplan April 2024<\/a><\/p>\n\n\n\n<p><a href=\"https:\/\/www.cafeteria-lauda.de\/wordpress\/wp-content\/uploads\/Dienstplan-Maerz-2024.pdf\">Dienstplan M\u00e4rz 2024<\/a><\/p>\n\n\n\n<p><a href=\"https:\/\/www.cafeteria-lauda.de\/wordpress\/wp-content\/uploads\/Dienstplan-Februar-24.pdf\">Dienstplan Februar 2024<\/a><\/p>\n\n\n\n<p><a href=\"https:\/\/www.cafeteria-lauda.de\/wordpress\/wp-content\/uploads\/Dienstplan-Januar-2024.pdf\">Dienstplan Januar 2024<\/a><\/p>\n\n\n\n<p><\/p>\n\n\n\n<p><\/p>\n\n\n\n<p><\/p>\n\n\n\n<p><strong>Dienstpl\u00e4ne 2023<\/strong><\/p>\n\n\n\n<p><\/p>\n\n\n\n<p><a href=\"https:\/\/www.cafeteria-lauda.de\/wordpress\/wp-content\/uploads\/Dienstplan-Dezember-2023.pdf\">Dienstplan Dezember 2023<\/a><\/p>\n\n\n\n<p><a href=\"https:\/\/www.cafeteria-lauda.de\/wordpress\/wp-content\/uploads\/Dienstplan-November.pdf\">Dienstplan November 2023<\/a><\/p>\n\n\n\n<p><a href=\"https:\/\/www.cafeteria-lauda.de\/wordpress\/wp-content\/uploads\/Dienstplan-Oktober-23.pdf\">Dienstplan Oktober 2023<\/a><\/p>\n\n\n\n<p><a href=\"https:\/\/www.cafeteria-lauda.de\/wordpress\/wp-content\/uploads\/Dienstplan-September-23-1.pdf\">Dienstplan September 2023<\/a><\/p>\n\n\n\n<p><a href=\"https:\/\/www.cafeteria-lauda.de\/wordpress\/wp-content\/uploads\/Dienstplan-Juli-2023.pdf\">Dienstplan Juli 2023<\/a><\/p>\n\n\n\n<p><a href=\"https:\/\/www.cafeteria-lauda.de\/wordpress\/wp-content\/uploads\/Dienstplan-Juni-2023.pdf\">Dienstplan Juni 2023<\/a><\/p>\n\n\n\n<p><a href=\"https:\/\/www.cafeteria-lauda.de\/wordpress\/wp-content\/uploads\/Dienstplan-Mai-2023.pdf\">Dienstplan Mai 2023<\/a><\/p>\n\n\n\n<p><a href=\"https:\/\/www.cafeteria-lauda.de\/wordpress\/wp-admin\/upload.php?item=142\">Dienstplan April 2023<\/a><\/p>\n\n\n\n<p><a href=\"https:\/\/www.cafeteria-lauda.de\/wordpress\/wp-content\/uploads\/Dienstplan-Maerz-2023.pdf\">Dienstplan M\u00e4rz 2023<\/a><br><a href=\"https:\/\/www.cafeteria-lauda.de\/wordpress\/wp-content\/uploads\/dienstplan_februar_2023.pdf\" data-type=\"attachment\" data-id=\"94\">Dienstplan Februar 2023<\/a><br><a href=\"https:\/\/www.cafeteria-lauda.de\/wordpress\/wp-content\/uploads\/dienstplan_januar_2023.pdf\" data-type=\"attachment\" data-id=\"95\">Dienstplan Januar 2023<\/a><\/p>\n","protected":false},"excerpt":{"rendered":"<p>Dienstpl\u00e4ne 2026 Dienstplan April 2026 Dienstplan M\u00e4rz 2026 Dienstplan Februar 2026 Dienstplan Januar 2026 Dienstpl\u00e4ne 2025 Dienstplan November 2025 Dienstplan Oktober 2025 Dienstplan September 2025 Dienstplan&#46;&#46;&#46;<\/p>\n","protected":false},"author":1,"featured_media":0,"parent":0,"menu_order":0,"comment_status":"closed","ping_status":"closed","template":"","meta":{"footnotes":""},"class_list":["post-29","page","type-page","status-publish","hentry"],"_links":{"self":[{"href":"https:\/\/www.cafeteria-lauda.de\/wordpress\/wp-json\/wp\/v2\/pages\/29","targetHints":{"allow":["GET"]}}],"collection":[{"href":"https:\/\/www.cafeteria-lauda.de\/wordpress\/wp-json\/wp\/v2\/pages"}],"about":[{"href":"https:\/\/www.cafeteria-lauda.de\/wordpress\/wp-json\/wp\/v2\/types\/page"}],"author":[{"embeddable":true,"href":"https:\/\/www.cafeteria-lauda.de\/wordpress\/wp-json\/wp\/v2\/users\/1"}],"replies":[{"embeddable":true,"href":"https:\/\/www.cafeteria-lauda.de\/wordpress\/wp-json\/wp\/v2\/comments?post=29"}],"version-history":[{"count":49,"href":"https:\/\/www.cafeteria-lauda.de\/wordpress\/wp-json\/wp\/v2\/pages\/29\/revisions"}],"predecessor-version":[{"id":302,"href":"https:\/\/www.cafeteria-lauda.de\/wordpress\/wp-json\/wp\/v2\/pages\/29\/revisions\/302"}],"wp:attachment":[{"href":"https:\/\/www.cafeteria-lauda.de\/wordpress\/wp-json\/wp\/v2\/media?parent=29"}],"curies":[{"name":"wp","href":"https:\/\/api.w.org\/{rel}","templated":true}]}}